{"id":106227,"date":"2018-09-18T12:02:12","date_gmt":"2018-09-18T12:02:12","guid":{"rendered":"https:\/\/www.ivrczech.cz\/?page_id=106227"},"modified":"2023-10-02T07:15:17","modified_gmt":"2023-10-02T05:15:17","slug":"privacy-policy","status":"publish","type":"page","link":"https:\/\/www.ivrczech.cz\/?page_id=106227","title":{"rendered":"Informace o zpracov\u00e1n\u00ed osobn\u00edch \u00fadaj\u016f s\u00a0pou\u010den\u00edm"},"content":{"rendered":"<section class=\"wpb-content-wrapper\"><p>[vc_row hide_bg_image_on_tablet=&#8221;&#8221; hide_bg_image_on_mobile=&#8221;&#8221; css=&#8221;.vc_custom_1527690588959{background-color: #f7f8f9 !important;}&#8221;][vc_column icons_position=&#8221;left&#8221;][vc_empty_space][vc_separator][vc_empty_space][vc_column_text]<\/p>\n<p style=\"text-align: justify;\">V souladu s \u010dl. 12 a n\u00e1sl. na\u0159\u00edzen\u00ed Evropsk\u00e9ho parlamentu a Rady (EU) 2016\/679 ze dne 27. dubna 2016 o ochran\u011b fyzick\u00fdch osob v souvislosti se zpracov\u00e1n\u00edm osobn\u00edch \u00fadaj\u016f a o voln\u00e9m pohybu t\u011bchto \u00fadaj\u016f a o zru\u0161en\u00ed sm\u011brnice 95\/46\/ES V\u00e1m t\u00edmto poskytujeme p\u0159\u00edslu\u0161n\u00e9 informace o zpracov\u00e1n\u00ed osobn\u00edch \u00fadaj\u016f.<br \/>\nSpr\u00e1vcem osobn\u00edch \u00fadaj\u016f je spolek \u010cesk\u00e9 sdru\u017een\u00ed pro pr\u00e1vn\u00ed a soci\u00e1ln\u00ed filozofii, z. s. (d\u00e1le t\u00e9\u017e \u201eSpolek\u201c), se s\u00eddlem n\u00e1m\u011bst\u00ed Curieov\u00fdch 901\/7, Star\u00e9 M\u011bsto, 110 00 Praha 1, I\u010cO: 750 88 631, zapsan\u00fd ve spolkov\u00e9m rejst\u0159\u00edku veden\u00e9m M\u011bstsk\u00fdm soudem v Praze, odd\u00edl L, vlo\u017eka 3342. Kontaktn\u00ed e-mail spr\u00e1vce je krzyzank@prf.cuni.cz.<br \/>\n\u00da\u010delem zpracov\u00e1n\u00ed osobn\u00edch \u00fadaj\u016f \u010dlen\u016f spolku je veden\u00ed administrativn\u00ed agendy Spolku a organizace \u010dinnosti Spolku. Osobn\u00ed \u00fadaje zpracov\u00e1v\u00e1me zejm\u00e9na pro zpracov\u00e1n\u00ed p\u0159ihl\u00e1\u0161ky do Spolku, pro veden\u00ed seznamu \u010dlen\u016f dle stanov Spolku, pro svol\u00e1v\u00e1n\u00ed \u010dlensk\u00e9 sch\u016fze, pro po\u0159izov\u00e1n\u00ed z\u00e1pis\u016f z \u010dlensk\u00e9 sch\u016fze Spolku a k zaji\u0161t\u011bn\u00ed dal\u0161\u00ed \u010dinnosti Spolku (nap\u0159. evidence \u010dlensk\u00fdch p\u0159\u00edsp\u011bvk\u016f, vystavov\u00e1n\u00ed potvrzen\u00ed o \u010dlenstv\u00ed, ochrana pr\u00e1v Spolku).<br \/>\nD\u00e1le zpracov\u00e1v\u00e1me osobn\u00ed \u00fadaje \u010dlen\u016f Spolku a dal\u0161\u00edch osob (nap\u0159\u00edklad p\u0159edn\u00e1\u0161ej\u00edc\u00edch, host\u016f \u010di \u00fa\u010dastn\u00edk\u016f sout\u011b\u017e\u00ed) za \u00fa\u010delem po\u0159\u00e1d\u00e1n\u00ed konferenc\u00ed, sout\u011b\u017e\u00ed a jin\u00fdch akc\u00ed Spolku, jako\u017e i za \u00fa\u010delem rozes\u00edl\u00e1n\u00ed zpravodaje, p\u0159i\u010dem\u017e tyto \u00fadaje jsou d\u00e1le evidov\u00e1ny pro statistick\u00e9 \u00fa\u010dely \u010di pro \u00fa\u010dely archivace \u00fa\u010detn\u00edch a da\u0148ov\u00fdch doklad\u016f.<br \/>\nV p\u0159\u00edpad\u011b fotografi\u00ed a jin\u00fdch z\u00e1znam\u016f z akc\u00ed po\u0159\u00e1dan\u00fdch Spolkem zpracov\u00e1v\u00e1me tyto fotografie a jin\u00e9 z\u00e1znamy za \u00fa\u010delem propagace a prezentace \u010dinnosti Spolku.<br \/>\nV souvislosti s na\u0161imi webov\u00fdmi str\u00e1nkami doch\u00e1z\u00ed automaticky ke sb\u011bru a zpracov\u00e1n\u00ed osobn\u00edch informac\u00ed za \u00fa\u010delem z\u00edsk\u00e1n\u00ed \u00fadaj\u016f o n\u00e1v\u0161t\u011bvnosti a provozu na webu, zlep\u0161en\u00ed obsahu a zabezpe\u010den\u00ed a stability syst\u00e9mu.<br \/>\nDo rozsahu zpracov\u00e1van\u00fdch osobn\u00edch \u00fadaj\u016f pat\u0159\u00ed obecn\u00e9 identifika\u010dn\u00ed \u00fadaje (zejm. jm\u00e9no, p\u0159\u00edjmen\u00ed a u \u010dlen\u016f i datum narozen\u00ed), kontaktn\u00ed \u00fadaje (zejm. po\u0161tovn\u00ed adresa, e-mail, telefonn\u00ed \u010d\u00edslo), finan\u010dn\u00ed \u00fadaje (zejm. faktury, \u010d\u00edsla bankovn\u00edch \u00fa\u010dt\u016f, informace o platb\u00e1ch). Poskytnut\u00ed osobn\u00edch \u00fadaj\u016f dle p\u0159edchoz\u00ed v\u011bty je nutn\u00fdm p\u0159edpokladem pro \u010dlenstv\u00ed \u010di zas\u00edl\u00e1n\u00ed zpravodaje. Dal\u0161\u00edm zpracov\u00e1van\u00fdm osobn\u00edm \u00fadajem je i \u010dlenstv\u00ed ve Spolku.<br \/>\nD\u00e1le budou v souvislosti s \u010dinnost\u00ed Spolku zpracov\u00e1v\u00e1ny informace o \u00fa\u010dasti na akc\u00edch po\u0159\u00e1dan\u00fdch Spolkem, \u010d\u00edsla \u00fa\u010dt\u016f pl\u00e1tc\u016f \u010dlensk\u00fdch p\u0159\u00edsp\u011bvk\u016f, p\u0159\u00edpadn\u011b \u010d\u00edsla t\u011bch \u00fa\u010dt\u016f, z nich\u017e byly uhrazeny platby ur\u010den\u00e9 Spolku (nap\u0159. konferen\u010dn\u00ed poplatek). V souvislosti s po\u0159\u00e1d\u00e1n\u00edm v\u00fdjezd\u016f a cen zpracov\u00e1v\u00e1me d\u00e1le informace o \u00fa\u010dastn\u00edc\u00edch, m\u00edst\u011b pobytu a dal\u0161\u00ed data poskytnut\u00e1 v souvislosti s konkr\u00e9tn\u00edm v\u00fdjezdem \u010di cenou. V p\u0159\u00edpad\u011b ud\u00e1lost\u00ed po\u0159\u00e1dan\u00fdch Spolkem bude d\u00e1la zpracov\u00e1v\u00e1na podoba zachycen\u00e1 prost\u0159ednictv\u00edm fotografie \u010di v\u00fdstup zachycen\u00fd audiovizu\u00e1ln\u011b.<br \/>\nV souvislosti s webov\u00fdmi str\u00e1nkami zpracov\u00e1v\u00e1me \u010das a datum p\u0159\u00edstupu, odkazuj\u00edc\u00ed URL webov\u00e9 str\u00e1nky, prohl\u00ed\u017een\u00fd soubor, objem odeslan\u00fdch dat, verzi a typ prohl\u00ed\u017ee\u010de, opera\u010dn\u00ed syst\u00e9m a IP adresu. D\u00e1le sb\u00edr\u00e1me a analyzujeme informace o va\u0161em chov\u00e1n\u00ed na internetu pomoc\u00ed n\u00e1stroje Google Analytics a online reklamn\u00edch platforem. Informace z t\u011bchto syst\u00e9m\u016f jsou vyu\u017e\u00edv\u00e1ny pro hodnocen\u00ed, optimalizaci, c\u00edlen\u00ed a \u0159\u00edzen\u00ed online reklamy. Zaznamen\u00e1v\u00e1me \u010das a datum ka\u017ed\u00e9 zobrazen\u00e9 str\u00e1nky nebo ud\u00e1losti, zdroj va\u0161\u00ed n\u00e1v\u0161t\u011bvy, URL a nadpis str\u00e1nky nebo identifikaci specifick\u00e9 ud\u00e1losti, prov\u00e1d\u011bn\u00e9 konverzn\u00ed akce, verzi a konfiguraci prohl\u00ed\u017ee\u010de a opera\u010dn\u00edho syst\u00e9mu, Va\u0161i IP adresu a identifika\u010dn\u00ed soubory ulo\u017een\u00e9 v prohl\u00ed\u017ee\u010di n\u00e1stroji.<\/p>\n<p>[\/vc_column_text][vc_empty_space height=&#8221;4em&#8221; alter_height=&#8221;none&#8221; hide_on_mobile=&#8221;&#8221; hide_on_desktop=&#8221;&#8221; hide_on_notebook=&#8221;&#8221; hide_on_tablet=&#8221;&#8221;][\/vc_column][\/vc_row][vc_row hide_bg_image_on_tablet=&#8221;&#8221; hide_bg_image_on_mobile=&#8221;&#8221; css=&#8221;.vc_custom_1527690597112{background-color: #f7f8f9 !important;}&#8221;][vc_column icons_position=&#8221;left&#8221;][vc_column_text]<\/p>\n<h5 style=\"text-align: justify;\"><strong>Cookies<\/strong><\/h5>\n<p style=\"text-align: justify;\">Str\u00e1nky Spolku vyu\u017e\u00edvaj\u00ed soubory cookies, tj. informace, je\u017e na\u0161e str\u00e1nky odes\u00edlaj\u00ed Va\u0161emu prohl\u00ed\u017ee\u010di a kter\u00e9 pot\u00e9 V\u00e1\u0161 prohl\u00ed\u017ee\u010d p\u0159i dal\u0161\u00edm prohl\u00ed\u017een\u00ed opakovan\u011b pos\u00edl\u00e1 zp\u011bt na\u0161im str\u00e1nk\u00e1m. Cookies usnad\u0148uj\u00ed a zefektiv\u0148uj\u00ed pr\u00e1ci s\u00a0na\u0161imi str\u00e1nkami mj. t\u00edm, \u017ee uchov\u00e1vaj\u00ed Va\u0161e preference (nap\u0159. jazykov\u00e9 preference). Tyto prvky rovn\u011b\u017e p\u0159isp\u00edvaj\u00ed k lep\u0161\u00edmu vyu\u017eit\u00ed na\u0161ich str\u00e1nek a personalizaci obsahu dle Va\u0161ich z\u00e1jm\u016f a pot\u0159eb.<\/p>\n<p style=\"text-align: justify;\">U\u017e\u00edv\u00e1me cookies, je\u017e lze dle \u00fa\u010delu a funk\u010dnosti d\u011blit n\u00e1sledovn\u011b:<\/p>\n<ul style=\"text-align: justify;\">\n<li>Nezbytn\u00e9 cookies, kter\u00e9 umo\u017e\u0148uj\u00ed pohyb na na\u0161ich str\u00e1nk\u00e1ch a vyu\u017e\u00edv\u00e1n\u00ed jejich z\u00e1kladn\u00edch funkc\u00ed. Tyto prvky jsou nezbytn\u00e9 pro spr\u00e1vnou funkci na\u0161ich str\u00e1nek.<\/li>\n<li>Funk\u010dn\u00ed cookies, kter\u00e9 si pamatuj\u00ed Va\u0161e preference na na\u0161ich webov\u00fdch str\u00e1nk\u00e1ch (nap\u0159\u00edklad jazykov\u00e9 preference).<\/li>\n<li>Analytick\u00e9 a v\u00fdkonnostn\u00ed cookies, je\u017e n\u00e1m umo\u017e\u0148uj\u00ed rozpoznat po\u010det u\u017eivatel\u016f a shroma\u017e\u010fovat informace o tom, jak je na\u0161e online platforma vyu\u017e\u00edv\u00e1na. Tyto informace n\u00e1m pom\u00e1haj\u00ed l\u00e9pe porozum\u011bt fungov\u00e1n\u00ed internetov\u00fdch str\u00e1nek a zlep\u0161ovat je.<\/li>\n<li>Cookies pro personalizovan\u00fd marketing a reklamu, je\u017e zaznamen\u00e1vaj\u00ed Va\u0161i n\u00e1v\u0161t\u011bvu internetov\u00fdch str\u00e1nek, kter\u00e9 jste nav\u0161t\u00edvili, a odkaz\u016f, na kter\u00e9 jste klikli. Tyto \u00fadaje vyu\u017e\u00edv\u00e1me k zobrazov\u00e1n\u00ed reklam p\u0159izp\u016fsoben\u00fdch Va\u0161im z\u00e1jm\u016fm.<\/li>\n<\/ul>\n<p style=\"text-align: justify;\">Pomoc\u00ed Va\u0161eho prohl\u00ed\u017ee\u010de m\u016f\u017eete Va\u0161e cookies spravovat. V\u017edy m\u00e1te mo\u017enost ji\u017e ulo\u017een\u00e9 cookies smazat. D\u00e1le v z\u00e1vislosti na Va\u0161em prohl\u00ed\u017ee\u010di je mo\u017en\u00e9 omezit vyu\u017e\u00edv\u00e1n\u00ed cookies pro konkr\u00e9tn\u00ed webovou str\u00e1nku, omezit jejich ukl\u00e1d\u00e1n\u00ed \u010di nastavit nucen\u00e9 smaz\u00e1n\u00ed v\u0161ech cookies po uzav\u0159en\u00ed prohl\u00ed\u017ee\u010de.<\/p>\n<p style=\"text-align: justify;\"><strong>Pr\u00e1vn\u00edm z\u00e1kladem<\/strong> pro zpracov\u00e1n\u00ed osobn\u00edch \u00fadaj\u016f je nezbytnost zpracov\u00e1n\u00ed osobn\u00edch \u00fadaj\u016f pro spln\u011bn\u00ed pr\u00e1vn\u00edch povinnost\u00ed Spolku, tedy nap\u0159\u00edklad pro veden\u00ed seznamu \u010dlen\u016f Spolku \u010di svol\u00e1v\u00e1n\u00ed \u010dlensk\u00e9 sch\u016fze, veden\u00ed \u00fa\u010detnictv\u00ed a da\u0148ov\u00e9 evidence, dokl\u00e1d\u00e1n\u00ed z\u00e1konnosti zpracov\u00e1n\u00ed osobn\u00edch \u00fadaj\u016f a veden\u00ed seznam\u016f osob, kter\u00fdm nemaj\u00ed b\u00fdt zas\u00edl\u00e1n zpravodaj.<\/p>\n<p style=\"text-align: justify;\">V\u00a0p\u0159\u00edpad\u011b ne\u010dlen\u016f, kte\u0159\u00ed se \u00fa\u010dastn\u00ed n\u00e1mi po\u0159\u00e1dan\u00fdch ud\u00e1lost\u00ed, kte\u0159\u00ed se uch\u00e1z\u00ed o ud\u011blen\u00ed ceny nebo kte\u0159\u00ed maj\u00ed p\u0159ihl\u00e1\u0161en zpravodaj, je pr\u00e1vn\u00edm z\u00e1kladem pro zpracov\u00e1n\u00ed souhlas se zpracov\u00e1n\u00edm osobn\u00edch \u00fadaj\u016f; tento souhlas m\u016f\u017ee b\u00fdt kdykoliv odvol\u00e1n.<\/p>\n<p style=\"text-align: justify;\">Ke zpracov\u00e1n\u00ed osobn\u00edch \u00fadaj\u016f bude doch\u00e1zet i na z\u00e1klad\u011b opr\u00e1vn\u011bn\u00fdch z\u00e1jm\u016f Spolku, a to zejm\u00e9na v\u00a0souvislosti se zpracov\u00e1n\u00edm pro statistick\u00e9 \u00fa\u010dely a dal\u0161\u00ed rozvoj \u010dinnost\u00ed Spolku, veden\u00edm administrativn\u00ed agendy Spolku, uplat\u0148ov\u00e1n\u00edm pr\u00e1v a jin\u00fdch n\u00e1rok\u016f Spolku, propagac\u00ed spolku \u010di v\u00a0souvislosti s\u00a0uzav\u00edr\u00e1n\u00edm smluv s\u00a0partnery Spolku (nap\u0159. v\u00a0souvislosti s\u00a0pron\u00e1jmem prostor pro po\u0159\u00e1d\u00e1n\u00ed akc\u00ed Spolku).<\/p>\n<p style=\"text-align: justify;\"><strong>P\u0159\u00edjemcem \u00fadaj\u016f<\/strong>, kter\u00fdm mohou b\u00fdt Va\u0161e osobn\u00ed \u00fadaje p\u0159ed\u00e1ny, jsou org\u00e1ny ve\u0159ejn\u00e9 moci, vypl\u00fdv\u00e1-li povinnost k\u00a0p\u0159ed\u00e1n\u00ed osobn\u00edch \u00fadaj\u016f z\u00a0pr\u00e1vn\u00edch p\u0159edpis\u016f nebo na z\u00e1klad\u011b rozhodnut\u00ed org\u00e1nu ve\u0159ejn\u00e9 moci, a d\u00e1le smluvn\u00ed \u010di jin\u00ed partne\u0159i Spolku jako nap\u0159\u00edklad da\u0148ov\u00ed, \u00fa\u010detn\u00ed, pr\u00e1vn\u00ed \u010di IT poradci (s nimi\u017e m\u00e1 Spolek uzav\u0159enou zpracovatelskou smlouvu), souvis\u00ed-li takov\u00e9 p\u0159ed\u00e1n\u00ed s\u00a0\u010dinnost\u00ed, spr\u00e1vou \u010di administrativou Spolku.<\/p>\n<p style=\"text-align: justify;\">Nen\u00ed-li d\u00e1le stanoveno jinak, odpov\u00edd\u00e1<strong> doba ulo\u017een\u00ed<\/strong> osobn\u00edch \u00fadaj\u016f d\u00e9lce Va\u0161eho \u010dlenstv\u00ed \u010di d\u00e9lce p\u0159ihl\u00e1\u0161en\u00ed ke zpravodaji s\u00a0t\u00edm, \u017ee \u00fadaje jsou d\u00e1le ulo\u017eeny po dobu 5 let od skon\u010den\u00ed \u010dlenstv\u00ed \u010di odhl\u00e1\u0161en\u00ed zpravodaje. V\u00a0ostatn\u00edch p\u0159\u00edpadech jsou \u00fadaje ulo\u017eeny po dobu 5 let.<\/p>\n<p style=\"text-align: justify;\">Doba zpracov\u00e1n\u00ed osobn\u00edch \u00fadaj\u016f zpracov\u00e1van\u00fdch Spr\u00e1vcem z\u00a0d\u016fvod\u016f da\u0148ov\u00e9 nebo \u00fa\u010detn\u00ed evidence \u010din\u00ed 10 let. \u00dadaje nutn\u00e9 pro veden\u00ed evidence \u010dlen\u016f budou zpracov\u00e1v\u00e1ny po dobu 10 let od z\u00e1niku \u010dlenstv\u00ed. \u00dadaje t\u00fdkaj\u00edc\u00ed se \u00fa\u010dasti na akc\u00edch a sout\u011b\u017e\u00edch po\u0159\u00e1dan\u00fdch Spolkem budou v p\u0159\u00edpad\u011b neplacen\u00fdch akc\u00ed zpracov\u00e1v\u00e1ny po dobu 6 let a u placen\u00fdch \u010di \u010d\u00e1ste\u010dn\u011b placen\u00fdch akc\u00ed a\u017e po dobu 10 let od skon\u010den\u00ed akce; z\u00e1pisy o rozhodnut\u00ed org\u00e1n\u016f Spolku budou uchov\u00e1v\u00e1ny bez \u010dasov\u00e9ho omezen\u00ed (v\u010d. listin p\u0159\u00edtomn\u00fdch osob).<\/p>\n<p>Jde-li o zpracov\u00e1v\u00e1n\u00ed osobn\u00edch \u00fadaje v\u00fdlu\u010dn\u011b v souvislosti s\u00a0propaga\u010dn\u00edmi aktivitami spr\u00e1vce (rozes\u00edl\u00e1n\u00ed zpravodaje, informov\u00e1n\u00ed o akc\u00edch Spolku apod.), m\u016f\u017ee jak\u00e1koli osoba v\u010detn\u011b \u010dlena kdykoliv projevit nesouhlas s dal\u0161\u00edm kontaktov\u00e1n\u00edm ze strany Spolku z\u00a0tohoto d\u016fvodu.<\/p>\n<p style=\"text-align: justify;\">K\u00a0<strong>automatizovan\u00e9mu rozhodov\u00e1n\u00ed<\/strong> na z\u00e1klad\u011b zpracov\u00e1n\u00ed osobn\u00edch \u00fadaj\u016f nedoch\u00e1z\u00ed.<\/p>\n<p>[\/vc_column_text][vc_empty_space height=&#8221;4em&#8221; alter_height=&#8221;none&#8221; hide_on_mobile=&#8221;&#8221; hide_on_desktop=&#8221;&#8221; hide_on_notebook=&#8221;&#8221; hide_on_tablet=&#8221;&#8221;][\/vc_column][\/vc_row][vc_row hide_bg_image_on_tablet=&#8221;&#8221; hide_bg_image_on_mobile=&#8221;&#8221; css=&#8221;.vc_custom_1527690601612{background-color: #f7f8f9 !important;}&#8221;][vc_column icons_position=&#8221;left&#8221;][vc_column_text]<\/p>\n<h5 style=\"text-align: justify;\"><strong>Pr\u00e1va, je\u017e V\u00e1m v\u00a0souvislosti se zpracov\u00e1n\u00edm osobn\u00edch \u00fadaj\u016f n\u00e1le\u017e\u00ed<\/strong>, jsou zejm\u00e9na:<\/h5>\n<ul style=\"text-align: justify;\">\n<li>pr\u00e1vo na p\u0159\u00edstup k Va\u0161im osobn\u00edm \u00fadaj\u016fm; toto pr\u00e1vo spo\u010d\u00edv\u00e1 v mo\u017enosti obr\u00e1tit se na spr\u00e1vce a po\u017eadovat potvrzen\u00ed o tom, zda zpracov\u00e1v\u00e1 Va\u0161e osobn\u00ed \u00fadaje, \u010di nikoliv. Zpracov\u00e1v\u00e1-li spr\u00e1vce Va\u0161e \u00fadaje, m\u00e1te pr\u00e1vo na informaci o \u00fa\u010delu zpracov\u00e1n\u00ed, kategorii osobn\u00edch \u00fadaj\u016f, o p\u0159\u00edjemc\u00edch osobn\u00edch \u00fadaj\u016f, o pl\u00e1novan\u00e9 dob\u011b jejich ulo\u017een\u00ed a pr\u00e1vo na informace, je\u017e uv\u00e1d\u00edme n\u00ed\u017ee;<\/li>\n<li>pr\u00e1vo na opravu, jsou-li osobn\u00ed \u00fadaje nep\u0159esn\u00e9, p\u0159\u00edpadn\u011b pr\u00e1vo po\u017eadovat tak\u00e9 dopln\u011bn\u00ed ne\u00fapln\u00fdch osobn\u00edch \u00fadaj\u016f;<\/li>\n<li>d\u00e1le pr\u00e1vo na v\u00fdmaz osobn\u00edch \u00fadaj\u016f (tj. \u201epr\u00e1vo b\u00fdt zapomenut\u201c) a pr\u00e1vo na omezen\u00ed zpracov\u00e1n\u00ed osobn\u00edch \u00fadaj\u016f v\u00a0p\u0159\u00edpadech stanoven\u00fdch \u010dl. 17 a 18 v\u00fd\u0161e citovan\u00e9ho na\u0159\u00edzen\u00ed o zpracov\u00e1n\u00ed osobn\u00edch \u00fadaj\u016f;<\/li>\n<li>pr\u00e1vo z\u00edskat osobn\u00ed \u00fadaje, kter\u00e9 se V\u00e1s t\u00fdkaj\u00ed a kter\u00e9 zpracov\u00e1v\u00e1me;<\/li>\n<li>pr\u00e1vo odvolat souhlas se zpracov\u00e1n\u00edm \u00fadaj\u016f, je-li pr\u00e1vn\u00edm z\u00e1kladem pro zpracov\u00e1n\u00ed pr\u00e1v\u011b V\u00e1\u0161 souhlas;<\/li>\n<li>pr\u00e1vo podat st\u00ed\u017enost dozorov\u00e9mu org\u00e1nu, kter\u00fdm je v \u010cesk\u00e9 republice \u00da\u0159ad pro ochranu osobn\u00edch \u00fadaj\u016f, se s\u00eddlem Pplk. Sochora 27, 170 00 Praha 7;<\/li>\n<li>pr\u00e1vo vzn\u00e9st n\u00e1mitku proti zpracov\u00e1n\u00ed Va\u0161ich osobn\u00edch \u00fadaj\u016f;<\/li>\n<li>pr\u00e1vo po\u017eadovat p\u0159enesen\u00ed Va\u0161ich osobn\u00edch \u00fadaj\u016f k\u00a0jin\u00e9mu spr\u00e1vci;<\/li>\n<li>pr\u00e1vo, aby Va\u0161e osobn\u00ed \u00fadaje nebyly p\u0159edm\u011btem \u017e\u00e1dn\u00e9ho rozhodnut\u00ed zalo\u017een\u00e9ho v\u00fdhradn\u011b na automatizovan\u00e9m zpracov\u00e1n\u00ed;<\/li>\n<li>pr\u00e1vo b\u00fdt informov\u00e1n o p\u0159\u00edpadech poru\u0161en\u00ed zabezpe\u010den\u00ed, kter\u00e1 by mohla p\u0159edstavovat vysok\u00e9 riziko pro Va\u0161e pr\u00e1va a svobody.<\/li>\n<\/ul>\n<p style=\"text-align: justify;\">Pokud Spolek obdr\u017e\u00ed \u017e\u00e1dost t\u00fdkaj\u00edc\u00ed se uplatn\u011bn\u00ed n\u011bkter\u00e9ho z\u00a0Va\u0161ich pr\u00e1v, budete informov\u00e1n\u00ed o p\u0159ijat\u00fdch opat\u0159en\u00edch bez zbyte\u010dn\u00e9ho odkladu a v ka\u017ed\u00e9m p\u0159\u00edpad\u011b do jednoho m\u011bs\u00edce od obdr\u017een\u00ed \u017e\u00e1dosti. U slo\u017eit\u00fdch p\u0159\u00edpad\u016f \u010di v\u00a0p\u0159\u00edpad\u011b v\u011bt\u0161\u00edho po\u010dtu \u017e\u00e1dost\u00ed bude tato lh\u016fta prodlou\u017eena o dva m\u011bs\u00edce.<\/p>\n<p style=\"text-align: justify;\">Spolek nen\u00ed jako\u017eto spr\u00e1vce povinen vyhov\u011bt \u017e\u00e1dosti, umo\u017e\u0148uj\u00ed-li mu to platn\u00e9 pr\u00e1vn\u00ed p\u0159edpisy. Bude tomu tak zejm\u00e9na, bude-li \u017e\u00e1dost zjevn\u011b ned\u016fvodn\u00e1 nebo nep\u0159im\u011b\u0159en\u00e1, nap\u0159. z\u00a0d\u016fvodu jej\u00edho opakovan\u00e9ho pod\u00e1v\u00e1n\u00ed. V takov\u00fdch p\u0159\u00edpadech m\u016f\u017eeme (i) ulo\u017eit p\u0159im\u011b\u0159en\u00fd poplatek zohled\u0148uj\u00edc\u00ed administrativn\u00ed n\u00e1klady spojen\u00e9 s poskytnut\u00edm po\u017eadovan\u00fdch informac\u00ed nebo sd\u011blen\u00ed nebo s u\u010din\u011bn\u00edm po\u017eadovan\u00fdch \u00fakon\u016f nebo (ii) odm\u00edtnout \u017e\u00e1dosti vyhov\u011bt.<\/p>\n<p style=\"text-align: justify;\">Ve v\u0161ech v\u011bcech t\u00fdkaj\u00edc\u00edch se zpracov\u00e1n\u00ed a ochrany osobn\u00edch \u00fadaj\u016f, v\u010detn\u011b aktualizace Va\u0161ich \u00fadaj\u016f a odvol\u00e1n\u00ed souhlasu \u010di uplatn\u011bn\u00ed jak\u00e9hokoli Va\u0161eho pr\u00e1va n\u00e1s m\u016f\u017eete kdykoli kontaktovat prost\u0159ednictv\u00edm kontaktn\u00edho e-mailu <a href=\"mailto:krzyzank@prf.cuni.cz\">krzyzank@prf.cuni.cz<\/a>.<\/p>\n<p>[\/vc_column_text][vc_empty_space height=&#8221;4em&#8221; alter_height=&#8221;none&#8221; hide_on_mobile=&#8221;&#8221; hide_on_desktop=&#8221;&#8221; hide_on_notebook=&#8221;&#8221; hide_on_tablet=&#8221;&#8221;][\/vc_column][\/vc_row]<\/p>\n<\/section>","protected":false},"excerpt":{"rendered":"<p>[vc_row hide_bg_image_on_tablet=&#8221;&#8221; hide_bg_image_on_mobile=&#8221;&#8221; css=&#8221;.vc_custom_1527690588959{background-color: #f7f8f9 !important;}&#8221;][vc_column icons_position=&#8221;left&#8221;][vc_empty_space][vc_separator][vc_empty_space][vc_column_text] V souladu s \u010dl. 12 a n\u00e1sl. na\u0159\u00edzen\u00ed Evropsk\u00e9ho parlamentu a Rady (EU) 2016\/679 ze dne 27. dubna 2016 o ochran\u011b fyzick\u00fdch osob [&hellip;]<\/p>\n","protected":false},"author":1,"featured_media":0,"parent":0,"menu_order":0,"comment_status":"closed","ping_status":"closed","template":"","meta":{"_bbp_topic_count":0,"_bbp_reply_count":0,"_bbp_total_topic_count":0,"_bbp_total_reply_count":0,"_bbp_voice_count":0,"_bbp_anonymous_reply_count":0,"_bbp_topic_count_hidden":0,"_bbp_reply_count_hidden":0,"_bbp_forum_subforum_count":0,"footnotes":""},"class_list":["post-106227","page","type-page","status-publish","hentry"],"_links":{"self":[{"href":"https:\/\/www.ivrczech.cz\/index.php?rest_route=\/wp\/v2\/pages\/106227","targetHints":{"allow":["GET"]}}],"collection":[{"href":"https:\/\/www.ivrczech.cz\/index.php?rest_route=\/wp\/v2\/pages"}],"about":[{"href":"https:\/\/www.ivrczech.cz\/index.php?rest_route=\/wp\/v2\/types\/page"}],"author":[{"embeddable":true,"href":"https:\/\/www.ivrczech.cz\/index.php?rest_route=\/wp\/v2\/users\/1"}],"replies":[{"embeddable":true,"href":"https:\/\/www.ivrczech.cz\/index.php?rest_route=%2Fwp%2Fv2%2Fcomments&post=106227"}],"version-history":[{"count":7,"href":"https:\/\/www.ivrczech.cz\/index.php?rest_route=\/wp\/v2\/pages\/106227\/revisions"}],"predecessor-version":[{"id":106601,"href":"https:\/\/www.ivrczech.cz\/index.php?rest_route=\/wp\/v2\/pages\/106227\/revisions\/106601"}],"wp:attachment":[{"href":"https:\/\/www.ivrczech.cz\/index.php?rest_route=%2Fwp%2Fv2%2Fmedia&parent=106227"}],"curies":[{"name":"wp","href":"https:\/\/api.w.org\/{rel}","templated":true}]}}