{"id":106551,"date":"2023-09-29T10:21:12","date_gmt":"2023-09-29T08:21:12","guid":{"rendered":"https:\/\/www.ivrczech.cz\/?page_id=106551"},"modified":"2023-09-29T22:14:23","modified_gmt":"2023-09-29T20:14:23","slug":"odkazy","status":"publish","type":"page","link":"https:\/\/www.ivrczech.cz\/?page_id=106551","title":{"rendered":"Odkazy"},"content":{"rendered":"<section class=\"wpb-content-wrapper\"><p>[vc_row][vc_column][vc_empty_space][vc_separator][vc_empty_space][vc_column_text]<\/p>\n<h5><strong>IVR<\/strong><\/h5>\n<ul>\n<li><a href=\"https:\/\/ivronlineblog.wordpress.com\/\">Celosv\u011btov\u00e9 IVR<\/a><\/li>\n<li><a href=\"https:\/\/rechtsphilosophie.wordpress.com\/\">N\u011bmeck\u00e1 sekce IVR<\/a><\/li>\n<li><a href=\"https:\/\/ivronlineblog.wordpress.com\/sections\/\">Ostatn\u00ed n\u00e1rodn\u00ed sekce IVR<\/a><\/li>\n<\/ul>\n<p>[\/vc_column_text][\/vc_column][\/vc_row][vc_row][vc_column][vc_column_text]<\/p>\n<h5><strong>\u010casopisy a nakladatelstv\u00ed zam\u011b\u0159en\u00e9 na pr\u00e1vn\u00ed a soci\u00e1ln\u00ed filozofii<\/strong><\/h5>\n<ul>\n<li><a href=\"https:\/\/www.steiner-verlag.de\/en\/brand\/Archiv-fuer-Rechts-und-Sozialphilosophie\">\u010casopis Archiv f\u00fcr Rechts- und Sozialphilosophie, IVR<\/a><\/li>\n<li><a href=\"https:\/\/www.elgaronline.com\/view\/journals\/jlp\/jlp-overview.xml\">\u010casopis Journal of Legal Philosophy, Edward Elgar<\/a><\/li>\n<li><a href=\"https:\/\/www.springer.com\/journal\/10982\">\u010casopis Law and Philosophy, an International Journal for Jurisprudence and Legal Philosophy, Springer<\/a><\/li>\n<li><a href=\"https:\/\/www.cambridge.org\/core\/journals\/legal-theory\/information\/about-this-journal\">\u010casopis Legal Theory, Cambridge University Press<\/a><\/li>\n<li><a href=\"https:\/\/academic.oup.com\/ojls\">\u010casopis Oxford Journal of Legal Studies, Oxford University Press<\/a><\/li>\n<li><a href=\"https:\/\/www.ilaw.cas.cz\/casopisy-a-knihy\/casopisy\/casopis-pravnik\/\">\u010casopis Pr\u00e1vn\u00edk, Teoretick\u00fd \u010dasopis pro ot\u00e1zky st\u00e1tu a pr\u00e1va, \u00dastav st\u00e1tu a pr\u00e1va AV \u010cR<\/a><\/li>\n<li><a href=\"https:\/\/onlinelibrary.wiley.com\/journal\/14679337\">\u010casopis Ratio Juris, University of Bologna and John Wiley &amp; Sons Ltd<\/a><\/li>\n<li><a href=\"https:\/\/ratiopublica.cz\/\">\u010casopis Ratio Publica, Nugis Finem Publishing<\/a><\/li>\n<li><a href=\"https:\/\/www.duncker-humblot.de\/zeitschrift\/rechtstheorie-rt-10\/?page_id=1\">\u010casopis Rechtstheorie, Zeitschrift f\u00fcr Logik, Juristische Methodenlehre, Soziologie und Philosophie des Rechts, Duncker &amp; Humblot<\/a><\/li>\n<li><a href=\"https:\/\/journals.openedition.org\/revus\/\">\u010casopis Revus, Journal for constitutional theory and philosophy of law<\/a><\/li>\n<li><a href=\"https:\/\/www.nomos-shop.de\/nocache\/suche\/ext\/product\/list\/?tx_girashop_f205_1%5BproductLine%5D=730&amp;cHash=02af302c57825268bd6dacb23f288312\">Edi\u010dn\u00ed \u0159ada Studien zur Rechtsphilosophie und Rechtstheorie, Nomos<\/a><\/li>\n<\/ul>\n<p>[\/vc_column_text][\/vc_column][\/vc_row][vc_row][vc_column][vc_column_text]<\/p>\n<h5><strong>Internetov\u00e9 zdroje zam\u011b\u0159en\u00e9 na pr\u00e1vn\u00ed a soci\u00e1ln\u00ed filozofii<\/strong><\/h5>\n<ul>\n<li><a href=\"http:\/\/www.enzyklopaedie-rechtsphilosophie.net\/\">Enzyklop\u00e4die zur Rechtsphilosophie, IVR<\/a><\/li>\n<li><a href=\"https:\/\/www.rsozblog.de\/\">Weblog zur Rechtssoziologie und Rechtstheorie, prof. Klaus F. R\u00f6hl, Ruhr-Universit\u00e4t Bochum<\/a><\/li>\n<li><a href=\"https:\/\/leiterreports.typepad.com\/blog\/\">A Philosophy Blog, Leiter Reports, prof. Brian Leiter, University of Chicago<\/a><\/li>\n<li><a href=\"https:\/\/lsolum.typepad.com\/legaltheory\/\">Legal Theory Blog, prof. Lawrence B. Solum, University of Virginia<\/a><\/li>\n<li><a href=\"https:\/\/plato.stanford.edu\/\">Stanford Encyclopedia of Philosophy<\/a><\/li>\n<\/ul>\n<p>[\/vc_column_text][\/vc_column][\/vc_row][vc_row][vc_column][vc_column_text]<\/p>\n<h5><strong>Ceny zam\u011b\u0159en\u00e9 na pr\u00e1vn\u00ed a soci\u00e1ln\u00ed filozofii<\/strong><\/h5>\n<ul>\n<li><a href=\"https:\/\/www.legaltheory.eu\/about-ealt\/ealt-award\/#\">European Award for Legal Theory<\/a><\/li>\n<li><a href=\"https:\/\/rechtsphilosophie.wordpress.com\/wissenschaftspreis\/\">Wissenschaftspreis, IVR<\/a><\/li>\n<\/ul>\n<p>[\/vc_column_text][vc_empty_space][vc_separator][vc_empty_space][\/vc_column][\/vc_row]<\/p>\n<\/section>","protected":false},"excerpt":{"rendered":"<p>[vc_row][vc_column][vc_empty_space][vc_separator][vc_empty_space][vc_column_text] IVR Celosv\u011btov\u00e9 IVR N\u011bmeck\u00e1 sekce IVR Ostatn\u00ed n\u00e1rodn\u00ed sekce IVR [\/vc_column_text][\/vc_column][\/vc_row][vc_row][vc_column][vc_column_text] \u010casopisy a nakladatelstv\u00ed zam\u011b\u0159en\u00e9 na pr\u00e1vn\u00ed a soci\u00e1ln\u00ed filozofii \u010casopis Archiv f\u00fcr Rechts- und Sozialphilosophie, IVR \u010casopis Journal [&hellip;]<\/p>\n","protected":false},"author":1,"featured_media":0,"parent":0,"menu_order":0,"comment_status":"closed","ping_status":"closed","template":"","meta":{"_bbp_topic_count":0,"_bbp_reply_count":0,"_bbp_total_topic_count":0,"_bbp_total_reply_count":0,"_bbp_voice_count":0,"_bbp_anonymous_reply_count":0,"_bbp_topic_count_hidden":0,"_bbp_reply_count_hidden":0,"_bbp_forum_subforum_count":0,"footnotes":""},"class_list":["post-106551","page","type-page","status-publish","hentry"],"_links":{"self":[{"href":"https:\/\/www.ivrczech.cz\/index.php?rest_route=\/wp\/v2\/pages\/106551","targetHints":{"allow":["GET"]}}],"collection":[{"href":"https:\/\/www.ivrczech.cz\/index.php?rest_route=\/wp\/v2\/pages"}],"about":[{"href":"https:\/\/www.ivrczech.cz\/index.php?rest_route=\/wp\/v2\/types\/page"}],"author":[{"embeddable":true,"href":"https:\/\/www.ivrczech.cz\/index.php?rest_route=\/wp\/v2\/users\/1"}],"replies":[{"embeddable":true,"href":"https:\/\/www.ivrczech.cz\/index.php?rest_route=%2Fwp%2Fv2%2Fcomments&post=106551"}],"version-history":[{"count":10,"href":"https:\/\/www.ivrczech.cz\/index.php?rest_route=\/wp\/v2\/pages\/106551\/revisions"}],"predecessor-version":[{"id":106597,"href":"https:\/\/www.ivrczech.cz\/index.php?rest_route=\/wp\/v2\/pages\/106551\/revisions\/106597"}],"wp:attachment":[{"href":"https:\/\/www.ivrczech.cz\/index.php?rest_route=%2Fwp%2Fv2%2Fmedia&parent=106551"}],"curies":[{"name":"wp","href":"https:\/\/api.w.org\/{rel}","templated":true}]}}