{"id":106651,"date":"2023-10-03T10:05:21","date_gmt":"2023-10-03T08:05:21","guid":{"rendered":"https:\/\/www.ivrczech.cz\/?page_id=106651"},"modified":"2023-10-03T10:05:21","modified_gmt":"2023-10-03T08:05:21","slug":"contact-information","status":"publish","type":"page","link":"https:\/\/www.ivrczech.cz\/?page_id=106651&lang=en","title":{"rendered":"Contact information"},"content":{"rendered":"<section class=\"wpb-content-wrapper\"><p>[vc_row full_width=&#8221;stretch_row_content_no_spaces&#8221;][vc_column]<div id=\"sc_googlemap_1376199816\" class=\"sc_googlemap\" style=\"width:100%;height:22.59em;\" data-zoom=\"12\" data-style=\"greyscale\"><iframe src=\"https:\/\/maps.google.com\/maps?t=m&output=embed&iwloc=near&z=12&q=50.09181249845376,14.417485492537113\" scrolling=\"no\" marginheight=\"0\" marginwidth=\"0\" frameborder=\"0\"\n                    aria-label=\"\"><\/iframe><\/div>[\/vc_column][\/vc_row][vc_row el_class=&#8221;contact_us&#8221; css=&#8221;.vc_custom_1555479716565{margin-bottom: 5.2em !important;}&#8221;][vc_column width=&#8221;1\/2&#8243;]<h3 class=\"sc_title sc_title_regular sc_align_left\" style=\"text-align:left;\">Kontaktujte n\u00e1s!<\/h3>\n<div class=\"wpcf7 no-js\" id=\"wpcf7-f106236-o1\" lang=\"en-US\" dir=\"ltr\">\n<div class=\"screen-reader-response\"><p role=\"status\" aria-live=\"polite\" aria-atomic=\"true\"><\/p> <ul><\/ul><\/div>\n<form action=\"\/index.php?rest_route=%2Fwp%2Fv2%2Fpages%2F106651#wpcf7-f106236-o1\" method=\"post\" class=\"wpcf7-form init\" aria-label=\"Contact form\" novalidate=\"novalidate\" data-status=\"init\">\n<div style=\"display: none;\">\n<input type=\"hidden\" name=\"_wpcf7\" value=\"106236\" \/>\n<input type=\"hidden\" name=\"_wpcf7_version\" value=\"5.9.8\" \/>\n<input type=\"hidden\" name=\"_wpcf7_locale\" value=\"en_US\" \/>\n<input type=\"hidden\" name=\"_wpcf7_unit_tag\" value=\"wpcf7-f106236-o1\" \/>\n<input type=\"hidden\" name=\"_wpcf7_container_post\" value=\"0\" \/>\n<input type=\"hidden\" name=\"_wpcf7_posted_data_hash\" value=\"\" \/>\n<\/div>\n<div class=\"flex\">\n<div class='itm row' ><span class=\"wpcf7-form-control-wrap\" data-name=\"your-name\"><input size=\"40\" maxlength=\"400\" class=\"wpcf7-form-control wpcf7-text wpcf7-validates-as-required\" aria-required=\"true\" aria-invalid=\"false\" placeholder=\"Jm\u00e9no*\" value=\"\" type=\"text\" name=\"your-name\" \/><\/span><\/div> \n<div class='itm row'><span class=\"wpcf7-form-control-wrap\" data-name=\"your-email\"><input size=\"40\" maxlength=\"400\" class=\"wpcf7-form-control wpcf7-email wpcf7-validates-as-required wpcf7-text wpcf7-validates-as-email\" aria-required=\"true\" aria-invalid=\"false\" placeholder=\"E-mail*\" value=\"\" type=\"email\" name=\"your-email\" \/><\/span><\/div><\/div>\n<div class=''><span class=\"wpcf7-form-control-wrap\" data-name=\"your-message\"><textarea cols=\"40\" rows=\"10\" maxlength=\"2000\" class=\"wpcf7-form-control wpcf7-textarea wpcf7-validates-as-required\" aria-required=\"true\" aria-invalid=\"false\" placeholder=\"Zpr\u00e1va*\" name=\"your-message\"><\/textarea><\/span><\/div>\n<div class=\"sc_form_field sc_form_field_button sc_form_field_submit\"><input class=\"wpcf7-form-control wpcf7-submit has-spinner\" type=\"submit\" value=\"Poslat\" \/><\/div><div class=\"wpcf7-response-output\" aria-hidden=\"true\"><\/div>\n<\/form>\n<\/div>\n[\/vc_column][vc_column width=&#8221;1\/2&#8243;]<h3 class=\"sc_title sc_title_regular sc_align_left\" style=\"text-align:left;\">Hlavn\u00ed informace:<\/h3>[vc_column_text]<\/p>\n<div class=\"sc_form_address\">\n<div class=\"sc_form_address_field\">\n<p><strong>\u010cesk\u00e9 sdru\u017een\u00ed pro pr\u00e1vn\u00ed a soci\u00e1ln\u00ed filozofii, z. s.<\/strong><\/p>\n<p><strong>Adresa:<\/strong><\/p>\n<p>\u010cesk\u00e9 sdru\u017een\u00ed pro pr\u00e1vn\u00ed a soci\u00e1ln\u00ed filozofii, z. s.<br \/>\nn\u00e1m. Curieov\u00fdch 901\/7<br \/>\n116 40 Praha 1<\/p>\n<p><strong>Kontaktn\u00ed osoba:<\/strong><\/p>\n<p>JUDr. Katarzyna \u017d\u00e1k Krzy\u017eankov\u00e1, Ph.D., tajemnice spolku<\/p>\n<p><strong>E-mail: <\/strong>krzyzank@prf.cuni.cz<\/p>\n<p><strong>Telefon: <\/strong>+420 221 005\u00a0466<\/p>\n<p><strong>ID datov\u00e9 schr\u00e1nky: <\/strong>agewpux<\/p>\n<p><strong>I\u010cO:\u00a0 <\/strong>750 88\u00a0631<\/p>\n<p><strong>Spisov\u00e1 zna\u010dka: <\/strong><strong>\u00a0<\/strong>L 3342 veden\u00e1 u M\u011bstsk\u00e9ho soudu v\u00a0Praze<\/p>\n<p><strong>Bankovn\u00ed \u00fa\u010det: <\/strong>249\u00a0165\u00a0409\/ 0600<\/p>\n<\/div>\n<\/div>\n<p>[\/vc_column_text][\/vc_column][\/vc_row][vc_row][vc_column]<div id=\"sc_team_1567788792_wrap\" class=\"sc_team_wrap\"><div id=\"sc_team_1567788792\" class=\"sc_team sc_team_style_team-1  sc_slider_nopagination sc_slider_nocontrols\" style=\"width:100%;\" data-interval=\"8190\" data-slides-per-view=\"4\" data-slides-min-width=\"250\"><div class=\"sc_columns columns_wrap\"><div class=\"column-1_4 column_padding_bottom\">\t\t\t<div id=\"sc_team_1567788792_1\"\t\t\t\tclass=\"sc_team_item sc_team_item_1 odd first\"\n\t\t\t\t>\n\t\t\t\t<div class=\"sc_team_item_avatar\"><\/div>\n\t\t\t\t<div class=\"sc_team_item_info\">\n                    <h5 class=\"sc_team_item_title\"><a href=\"https:\/\/www.ivrczech.cz\/?team=prof-judr-ales-gerloch-csc\">prof. JUDr. Ale\u0161 Gerloch, CSc.<\/a><\/h5>\n\t\t\t\t\t<div class=\"sc_team_item_description\"><\/div>\n\t\t\t\t\t<div class=\"sc_team_item_position\">p\u0159edseda spolku a vedouc\u00ed katedry teorie pr\u00e1va a pr\u00e1vn\u00edch u\u010den\u00ed, Pr\u00e1vnick\u00e1 fakulta, Univerzita Karlova<\/div>\n\t\t\t\t\t\t\t\t\t<\/div>\n\t\t\t<\/div>\n\t\t<\/div><div class=\"column-1_4 column_padding_bottom\">\t\t\t<div id=\"sc_team_1567788792_2\"\t\t\t\tclass=\"sc_team_item sc_team_item_2 even\"\n\t\t\t\t>\n\t\t\t\t<div class=\"sc_team_item_avatar\"><\/div>\n\t\t\t\t<div class=\"sc_team_item_info\">\n                    <h5 class=\"sc_team_item_title\"><a href=\"https:\/\/www.ivrczech.cz\/?team=prof-judr-phdr-milos-vecera-csc\">prof. JUDr. PhDr. Milo\u0161 Ve\u010de\u0159a, CSc.<\/a><\/h5>\n\t\t\t\t\t<div class=\"sc_team_item_description\"><\/div>\n\t\t\t\t\t<div class=\"sc_team_item_position\">m\u00edstop\u0159edseda spolku a vedouc\u00ed katedry pr\u00e1vn\u00ed teorie, Pr\u00e1vnick\u00e1 fakulta, Masarykova Univerzita<\/div>\n\t\t\t\t\t\t\t\t\t<\/div>\n\t\t\t<\/div>\n\t\t<\/div><div class=\"column-1_4 column_padding_bottom\">\t\t\t<div id=\"sc_team_1567788792_3\"\t\t\t\tclass=\"sc_team_item sc_team_item_3 odd\"\n\t\t\t\t>\n\t\t\t\t<div class=\"sc_team_item_avatar\"><\/div>\n\t\t\t\t<div class=\"sc_team_item_info\">\n                    <h5 class=\"sc_team_item_title\"><a href=\"https:\/\/www.ivrczech.cz\/?team=doc-judr-frantisek-cvrcek-csc\">doc. JUDr. Franti\u0161ek Cvr\u010dek, CSc.<\/a><\/h5>\n\t\t\t\t\t<div class=\"sc_team_item_description\"><\/div>\n\t\t\t\t\t<div class=\"sc_team_item_position\">m\u00edstop\u0159edseda spolku a vedouc\u00ed katedry teorie pr\u00e1va, Pr\u00e1vnick\u00e1 fakulta, Z\u00e1pado\u010desk\u00e1 univerzita v Plzni<\/div>\n\t\t\t\t\t\t\t\t\t<\/div>\n\t\t\t<\/div>\n\t\t<\/div><div class=\"column-1_4 column_padding_bottom\">\t\t\t<div id=\"sc_team_1567788792_4\"\t\t\t\tclass=\"sc_team_item sc_team_item_4 even\"\n\t\t\t\t>\n\t\t\t\t<div class=\"sc_team_item_avatar\"><\/div>\n\t\t\t\t<div class=\"sc_team_item_info\">\n                    <h5 class=\"sc_team_item_title\"><a href=\"https:\/\/www.ivrczech.cz\/?team=judr-katarzyna-zak-krzyzankova-ph-d\">JUDr. Katarzyna \u017d\u00e1k Krzy\u017eankov\u00e1, Ph.D.<\/a><\/h5>\n\t\t\t\t\t<div class=\"sc_team_item_description\"><\/div>\n\t\t\t\t\t<div class=\"sc_team_item_position\">tajemnice spolku a odborn\u00e1 asistentka katedry teorie pr\u00e1va a pr\u00e1vn\u00edch u\u010den\u00ed<\/div>\n\t\t\t\t\t\t\t\t\t<\/div>\n\t\t\t<\/div>\n\t\t<\/div><\/div><\/div><!-- \/.sc_team --><\/div><!-- \/.sc_team_wrap -->[\/vc_column][\/vc_row]<\/p>\n<\/section>","protected":false},"excerpt":{"rendered":"<p>[vc_row full_width=&#8221;stretch_row_content_no_spaces&#8221;][vc_column][\/vc_column][\/vc_row][vc_row el_class=&#8221;contact_us&#8221; css=&#8221;.vc_custom_1555479716565{margin-bottom: 5.2em !important;}&#8221;][vc_column width=&#8221;1\/2&#8243;][\/vc_column][vc_column width=&#8221;1\/2&#8243;][vc_column_text] \u010cesk\u00e9 sdru\u017een\u00ed pro pr\u00e1vn\u00ed a soci\u00e1ln\u00ed filozofii, z. s. Adresa: \u010cesk\u00e9 sdru\u017een\u00ed pro pr\u00e1vn\u00ed a soci\u00e1ln\u00ed filozofii, z. s. n\u00e1m. Curieov\u00fdch 901\/7 [&hellip;]<\/p>\n","protected":false},"author":1,"featured_media":0,"parent":0,"menu_order":0,"comment_status":"closed","ping_status":"closed","template":"","meta":{"_bbp_topic_count":0,"_bbp_reply_count":0,"_bbp_total_topic_count":0,"_bbp_total_reply_count":0,"_bbp_voice_count":0,"_bbp_anonymous_reply_count":0,"_bbp_topic_count_hidden":0,"_bbp_reply_count_hidden":0,"_bbp_forum_subforum_count":0,"footnotes":""},"class_list":["post-106651","page","type-page","status-publish","hentry"],"_links":{"self":[{"href":"https:\/\/www.ivrczech.cz\/index.php?rest_route=\/wp\/v2\/pages\/106651","targetHints":{"allow":["GET"]}}],"collection":[{"href":"https:\/\/www.ivrczech.cz\/index.php?rest_route=\/wp\/v2\/pages"}],"about":[{"href":"https:\/\/www.ivrczech.cz\/index.php?rest_route=\/wp\/v2\/types\/page"}],"author":[{"embeddable":true,"href":"https:\/\/www.ivrczech.cz\/index.php?rest_route=\/wp\/v2\/users\/1"}],"replies":[{"embeddable":true,"href":"https:\/\/www.ivrczech.cz\/index.php?rest_route=%2Fwp%2Fv2%2Fcomments&post=106651"}],"version-history":[{"count":1,"href":"https:\/\/www.ivrczech.cz\/index.php?rest_route=\/wp\/v2\/pages\/106651\/revisions"}],"predecessor-version":[{"id":106652,"href":"https:\/\/www.ivrczech.cz\/index.php?rest_route=\/wp\/v2\/pages\/106651\/revisions\/106652"}],"wp:attachment":[{"href":"https:\/\/www.ivrczech.cz\/index.php?rest_route=%2Fwp%2Fv2%2Fmedia&parent=106651"}],"curies":[{"name":"wp","href":"https:\/\/api.w.org\/{rel}","templated":true}]}}