{"id":142,"date":"2016-01-14T12:37:37","date_gmt":"2016-01-14T12:37:37","guid":{"rendered":"https:\/\/www.ivrczech.cz\/?page_id=142"},"modified":"2023-10-02T07:16:18","modified_gmt":"2023-10-02T05:16:18","slug":"o-nas","status":"publish","type":"page","link":"https:\/\/www.ivrczech.cz\/?page_id=142","title":{"rendered":"O N\u00e1s"},"content":{"rendered":"<section class=\"wpb-content-wrapper\"><p>[vc_row full_width=&#8221;stretch_row&#8221; css=&#8221;.vc_custom_1452697527111{background-image: url(https:\/\/www.ivrczech.cz\/wp-content\/uploads\/2016\/01\/bg_04.jpg?id=143) !important;}&#8221;][vc_column][vc_empty_space][vc_separator][vc_empty_space]<div class=\"sc_content content_wrap\">[vc_column_text]<\/p>\n<p style=\"text-align: justify;\">\u010cesk\u00e9 sdru\u017een\u00ed pro pr\u00e1vn\u00ed a soci\u00e1ln\u00ed filozofii, z. s. (d\u00e1le jen \u201e<em>Spolek<\/em>\u201c) je nejv\u00fdznamn\u011bj\u0161\u00ed tuzemskou platformou sdru\u017euj\u00edc\u00ed pr\u00e1vn\u00ed teoretiky, pr\u00e1vn\u00ed filozofy a pr\u00e1vn\u00ed sociology. Mezi \u010dleny spolku v\u0161ak pat\u0159\u00ed i p\u0159edstavitel\u00e9 dal\u0161\u00edch v\u011bdn\u00edch obor\u016f a profes\u00ed.<\/p>\n<p style=\"text-align: justify;\">Spolek kultivuje pr\u00e1vn\u011b filozofick\u00e9 my\u0161len\u00ed a roz\u0161i\u0159uje pozn\u00e1n\u00ed na poli pr\u00e1vn\u00ed a soci\u00e1ln\u00ed filozofie, a to v\u00a0\u00fazk\u00e9 spolupr\u00e1ci s\u00a0v\u011bdeck\u00fdmi a v\u011bdeckopedagogick\u00fdmi institucemi nejenom v\u00a0\u010cesk\u00e9 republice, ale i ve sv\u011bt\u011b. D\u016fraz na mezin\u00e1rodn\u00ed spolupr\u00e1ci odr\u00e1\u017e\u00ed skute\u010dnost, \u017ee Spolek od sv\u00e9ho vzniku v\u00a090. letech minul\u00e9ho stolet\u00ed je jednou z n\u00e1rodn\u00edch sekc\u00ed Mezin\u00e1rodn\u00ed asociace pro pr\u00e1vn\u00ed a soci\u00e1ln\u00ed filozofii (<em>Internationale Vereinigung f\u00fcr Rechts-und Sozialphilosophie<\/em>, d\u00e1le jen \u201e<em>IVR<\/em>\u201c).<\/p>\n<p style=\"text-align: justify;\">IVR pat\u0159\u00ed k v\u016fbec\u00a0nejstar\u0161\u00edm celosv\u011btov\u00fdm pr\u00e1vn\u00edm asociac\u00edm. Od sv\u00e9ho zalo\u017een\u00ed v\u00a0roce 1909 v\u00a0Berl\u00edn\u011b systematicky p\u011bstuje pr\u00e1vn\u00ed a soci\u00e1ln\u00ed filozofii a dnes j\u00ed v\u00a0tomto sm\u011bru n\u00e1le\u017e\u00ed v\u00fdsadn\u00ed postaven\u00ed na sv\u011bt\u011b.<\/p>\n<p style=\"text-align: justify;\">Mezi jin\u00fdmi IVR po\u0159\u00e1d\u00e1 ka\u017ed\u00e9 dva roky celosv\u011btov\u00e9 kongresy ve v\u00fdznamn\u00fdch univerzitn\u00edch m\u011bstech \u010di \u010dtvrtletn\u011b vyd\u00e1v\u00e1 uzn\u00e1van\u00fd \u010dasopis <em>Archiv f\u00fcr Rechts-und Sozialphilosophie<\/em>.<\/p>\n<p style=\"text-align: justify;\">\u010cesk\u00e9 sdru\u017een\u00ed pro pr\u00e1vn\u00ed a soci\u00e1ln\u00ed filozofii jako tuzemsk\u00e1 sekce IVR \u00fazce kooperuje jak s\u00a0IVR, tak i s ostatn\u00edmi n\u00e1rodn\u00edmi sekcemi IVR.<\/p>\n<p style=\"text-align: justify;\"><strong>Mezi hlavn\u00ed aktivity Spolku pat\u0159\u00ed<\/strong><\/p>\n<ul style=\"text-align: justify;\">\n<li>iniciace v\u011bdeck\u00e9 a publika\u010dn\u00ed \u010dinnosti doma i v\u00a0zahrani\u010d\u00ed v\u00a0oboru pr\u00e1vn\u00ed a soci\u00e1ln\u00ed filozofie (nap\u0159. konference, kolokvia a workshopy);<\/li>\n<li>koordinace \u00fa\u010dasti na sv\u011btov\u00fdch kongresech IVR;<\/li>\n<li>podpora za\u010d\u00ednaj\u00edc\u00edm v\u011bdc\u016fm<\/li>\n<li>ud\u011blov\u00e1n\u00ed cen za v\u00fdborn\u00e9 v\u011bdeck\u00e9 v\u00fdstupy.<\/li>\n<\/ul>\n<p style=\"text-align: justify;\">Nejvy\u0161\u0161\u00edm org\u00e1nem Spolku je sch\u016fze v\u0161ech jeho \u010dlen\u016f. Ta projedn\u00e1v\u00e1 a rozhoduje o v\u0161ech z\u00e1sadn\u00edch ot\u00e1zk\u00e1ch t\u00fdkaj\u00edc\u00edch se fungov\u00e1n\u00ed a existence Spolku. Statut\u00e1rn\u00edm org\u00e1nem Spolku je p\u0159edsednictvo, kter\u00e9 se skl\u00e1d\u00e1 z\u00a0p\u0159edsedy, j\u00edm\u017e v\u00a0sou\u010dasn\u00e9 dob\u011b je prof. JUDr. Ale\u0161e Gerloch, CSc., dvou m\u00edstop\u0159edsed\u016f &#8211; prof. JUDr. PhDr. Milo\u0161e Ve\u010de\u0159i, CSc. a doc. JUDr. Franti\u0161ka Cvr\u010dka, CSc. Tajemnic\u00ed Spolku je dr. Katarzyna \u017d\u00e1k Krzy\u017eankov\u00e1.<\/p>\n<p style=\"text-align: justify;\"><strong>\u010clenstv\u00ed<\/strong><\/p>\n<p style=\"text-align: justify;\">\u010clenem Spolku se mohou st\u00e1t fyzick\u00e9 i pr\u00e1vnick\u00e9 osoby. V\u00edt\u00e1ni jsou \u010dlenov\u00e9 nap\u0159\u00ed\u010d v\u011bdn\u00edmi obory, fakultami i profesemi. \u010clenov\u00e9 Spolku se \u00fa\u010dastn\u00ed v\u011bdeck\u00fdch symp\u00f3zi\u00ed, \u010dlensk\u00fdch sch\u016fz\u00ed i neform\u00e1ln\u00edch setk\u00e1n\u00ed, kter\u00e9 Spolek organizuje. S\u00a0\u010dlenstv\u00edm ve Spolku vznik\u00e1 \u00fa\u010dast v\u00a0celosv\u011btov\u00e9m IVR.<\/p>\n<p style=\"text-align: justify;\">V p\u0159\u00edpad\u011b z\u00e1jmu o \u010dlenstv\u00ed, p\u0159ejd\u011bte do sekce <a href=\"https:\/\/www.ivrczech.cz\/clenstvi-a-dokumenty\/\">\u010dlenstv\u00ed<\/a>.<\/p>\n<p style=\"text-align: justify;\">Chcete-li dost\u00e1vat informace o novink\u00e1ch z oblasti pr\u00e1vn\u00ed a soci\u00e1ln\u00ed filozofie, p\u0159ihlaste si n\u00e1\u0161 Zpravodaj.<\/p>\n<p style=\"text-align: justify;\">V p\u0159\u00edpad\u011b jak\u00fdchkoliv dotaz\u016f, nev\u00e1hejte n\u00e1s <a href=\"https:\/\/www.ivrczech.cz\/contacts\/\">kontaktovat<\/a>.<\/p>\n<p>[\/vc_column_text]<\/div>[\/vc_column][\/vc_row][vc_row full_width=&#8221;stretch_row&#8221; css=&#8221;.vc_custom_1452765557880{background-color: #f3f3f3 !important;}&#8221;][vc_column]<div class=\"sc_section margin_bottom_huge\" style=\"max-width: 970px; margin: auto;\"><div class=\"sc_section_inner\"><h3 class=\"sc_title sc_title_regular sc_align_center margin_top_small\" style=\"text-align:center;\">P\u0159ihlaste si n\u00e1\u0161 Zpravodaj:<\/h3><div class=\"columns_wrap sc_columns columns_nofluid sc_columns_count_1\"><div class=\"column-1_1 sc_column_item sc_column_item_1 odd first\"><\/div><div class=\"column-1_1 sc_column_item sc_column_item_2 even\">\n<div class=\"wpcf7 no-js\" id=\"wpcf7-f106302-o1\" lang=\"en-US\" dir=\"ltr\">\n<div class=\"screen-reader-response\"><p role=\"status\" aria-live=\"polite\" aria-atomic=\"true\"><\/p> <ul><\/ul><\/div>\n<form action=\"\/index.php?rest_route=%2Fwp%2Fv2%2Fpages%2F142#wpcf7-f106302-o1\" method=\"post\" class=\"wpcf7-form init\" aria-label=\"Contact form\" novalidate=\"novalidate\" data-status=\"init\">\n<div style=\"display: none;\">\n<input type=\"hidden\" name=\"_wpcf7\" value=\"106302\" \/>\n<input type=\"hidden\" name=\"_wpcf7_version\" value=\"5.9.8\" \/>\n<input type=\"hidden\" name=\"_wpcf7_locale\" value=\"en_US\" \/>\n<input type=\"hidden\" name=\"_wpcf7_unit_tag\" value=\"wpcf7-f106302-o1\" \/>\n<input type=\"hidden\" name=\"_wpcf7_container_post\" value=\"0\" \/>\n<input type=\"hidden\" name=\"_wpcf7_posted_data_hash\" value=\"\" \/>\n<\/div>\n<div class=\"full-width\"><span class=\"wpcf7-form-control-wrap\" data-name=\"your-first-name\"><input size=\"40\" maxlength=\"400\" class=\"wpcf7-form-control wpcf7-text wpcf7-validates-as-required\" aria-required=\"true\" aria-invalid=\"false\" placeholder=\"Jm\u00e9no*\" value=\"\" type=\"text\" name=\"your-first-name\" \/><\/span><\/div>\n<div class=\"full-width\"><span class=\"wpcf7-form-control-wrap\" data-name=\"your-last-name\"><input size=\"40\" maxlength=\"400\" class=\"wpcf7-form-control wpcf7-text wpcf7-validates-as-required\" aria-required=\"true\" aria-invalid=\"false\" placeholder=\"P\u0159\u00edjm\u011bn\u00ed*\" value=\"\" type=\"text\" name=\"your-last-name\" \/><\/span><\/div> \n<div class=\"full-width\"><span class=\"wpcf7-form-control-wrap\" data-name=\"your-email\"><input size=\"40\" maxlength=\"400\" class=\"wpcf7-form-control wpcf7-email wpcf7-validates-as-required wpcf7-text wpcf7-validates-as-email\" aria-required=\"true\" aria-invalid=\"false\" placeholder=\"E-mail*\" value=\"\" type=\"email\" name=\"your-email\" \/><\/span><\/div>\n<div class=\"sc_form_field sc_form_field_button sc_form_field_submit full-width\"><input class=\"wpcf7-form-control wpcf7-submit has-spinner\" type=\"submit\" value=\"P\u0159ihl\u00e1sit se k odb\u011bru\" \/><\/div><div class=\"wpcf7-response-output\" aria-hidden=\"true\"><\/div>\n<\/form>\n<\/div>\n<\/div><\/div><\/div><\/div>[\/vc_column][\/vc_row]<\/p>\n<\/section>","protected":false},"excerpt":{"rendered":"<p>[vc_row full_width=&#8221;stretch_row&#8221; css=&#8221;.vc_custom_1452697527111{background-image: url(https:\/\/www.ivrczech.cz\/wp-content\/uploads\/2016\/01\/bg_04.jpg?id=143) !important;}&#8221;][vc_column][vc_empty_space][vc_separator][vc_empty_space][\/vc_column][\/vc_row][vc_row full_width=&#8221;stretch_row&#8221; css=&#8221;.vc_custom_1452765557880{background-color: #f3f3f3 !important;}&#8221;][vc_column][\/vc_column][\/vc_row]<\/p>\n","protected":false},"author":1,"featured_media":0,"parent":0,"menu_order":0,"comment_status":"closed","ping_status":"closed","template":"","meta":{"_bbp_topic_count":0,"_bbp_reply_count":0,"_bbp_total_topic_count":0,"_bbp_total_reply_count":0,"_bbp_voice_count":0,"_bbp_anonymous_reply_count":0,"_bbp_topic_count_hidden":0,"_bbp_reply_count_hidden":0,"_bbp_forum_subforum_count":0,"footnotes":""},"class_list":["post-142","page","type-page","status-publish","hentry"],"_links":{"self":[{"href":"https:\/\/www.ivrczech.cz\/index.php?rest_route=\/wp\/v2\/pages\/142","targetHints":{"allow":["GET"]}}],"collection":[{"href":"https:\/\/www.ivrczech.cz\/index.php?rest_route=\/wp\/v2\/pages"}],"about":[{"href":"https:\/\/www.ivrczech.cz\/index.php?rest_route=\/wp\/v2\/types\/page"}],"author":[{"embeddable":true,"href":"https:\/\/www.ivrczech.cz\/index.php?rest_route=\/wp\/v2\/users\/1"}],"replies":[{"embeddable":true,"href":"https:\/\/www.ivrczech.cz\/index.php?rest_route=%2Fwp%2Fv2%2Fcomments&post=142"}],"version-history":[{"count":18,"href":"https:\/\/www.ivrczech.cz\/index.php?rest_route=\/wp\/v2\/pages\/142\/revisions"}],"predecessor-version":[{"id":106602,"href":"https:\/\/www.ivrczech.cz\/index.php?rest_route=\/wp\/v2\/pages\/142\/revisions\/106602"}],"wp:attachment":[{"href":"https:\/\/www.ivrczech.cz\/index.php?rest_route=%2Fwp%2Fv2%2Fmedia&parent=142"}],"curies":[{"name":"wp","href":"https:\/\/api.w.org\/{rel}","templated":true}]}}