{"id":5,"date":"2016-01-12T12:37:44","date_gmt":"2016-01-12T12:37:44","guid":{"rendered":"https:\/\/www.ivrczech.cz\/?page_id=5"},"modified":"2024-07-31T18:04:51","modified_gmt":"2024-07-31T16:04:51","slug":"home","status":"publish","type":"page","link":"https:\/\/www.ivrczech.cz\/","title":{"rendered":"1)\tV\u00edt\u00e1me V\u00e1s"},"content":{"rendered":"<section class=\"wpb-content-wrapper\"><p>[vc_row][vc_column][vc_empty_space][vc_separator][vc_empty_space][vc_column_text]<\/p>\n<h5 style=\"text-align: justify;\">Mil\u00e9 kolegyn\u011b, mil\u00ed kolegov\u00e9,<\/h5>\n<h5 style=\"text-align: justify;\">V\u00e1\u017een\u00ed n\u00e1v\u0161t\u011bvn\u00edci,<\/h5>\n<p style=\"text-align: justify;\">v\u00edt\u00e1me V\u00e1s na str\u00e1nk\u00e1ch <a href=\"https:\/\/www.ivrczech.cz\/?page_id=142\">\u010cesk\u00e9ho sdru\u017een\u00ed pro pr\u00e1vn\u00ed a soci\u00e1ln\u00ed filozofii, z. s.<\/a>, na kter\u00fdch naleznete aktu\u00e1ln\u00ed informace o \u010dinnosti na\u0161eho spolku.<\/p>\n<p style=\"text-align: justify;\">P\u0159ipravujeme pro v\u00e1s konference, kolokvia a workshopy zam\u011b\u0159en\u00e9 na pr\u00e1vn\u00ed filozofii a pr\u00e1vn\u00ed teorii. O p\u0159ipravovan\u00fdch <a href=\"https:\/\/www.ivrczech.cz\/?cat=1354\">ud\u00e1lostech<\/a> V\u00e1s v\u010das vyrozum\u00edme prost\u0159ednictv\u00edm na\u0161eho webu a v\u00fdhledov\u011b i zpravodaje, jeho\u017e odeb\u00edr\u00e1n\u00ed si m\u016f\u017eete p\u0159ihl\u00e1sit <a href=\"https:\/\/www.ivrczech.cz\/?page_id=142\">zde<\/a>.<\/p>\n<p style=\"text-align: justify;\">Budeme V\u00e1s t\u00e9\u017e pr\u016fb\u011b\u017en\u011b informovat o aktualit\u00e1ch z\u00a0\u017eivota pr\u00e1vn\u00ed a soci\u00e1ln\u00ed filozofie v\u00a0\u010cesku i v\u00a0zahrani\u010d\u00ed, tj.<\/p>\n<ul style=\"text-align: left;\">\n<li>o bl\u00ed\u017e\u00edc\u00edch se kongresech,<\/li>\n<li>o budouc\u00edch p\u0159edn\u00e1\u0161k\u00e1ch,<\/li>\n<li>o v\u00fdznamn\u00fdch publikac\u00edch,<\/li>\n<li>o zve\u0159ejn\u011bn\u00fdch <em>Call for papers,<\/em><\/li>\n<li>o vypsan\u00fdch cen\u00e1ch, stipendi\u00edch a studijn\u00edch programech.<\/li>\n<\/ul>\n<p style=\"text-align: justify;\">Mezi na\u0161e ambice rovn\u011b\u017e pat\u0159\u00ed podpora mlad\u00fdch v\u011bdc\u016f. Proto poskytujeme prostor pro setk\u00e1v\u00e1n\u00ed student\u016f doktorsk\u00e9ho a magistersk\u00e9ho studia nap\u0159\u00ed\u010d obory i pracovi\u0161ti. Pl\u00e1novan\u00e9 konference a workshopy pro mlad\u00e9 v\u011bdce v\u00fdhledov\u011b dopln\u00ed i pravideln\u00e1 sout\u011b\u017e o nejlep\u0161\u00ed texty z\u00a0oblasti pr\u00e1vn\u00ed a soci\u00e1ln\u00ed filozofie, jak tuto tradici ji\u017e nyn\u00ed p\u011bstuje celosv\u011btov\u00e1 Asociace pro pr\u00e1vn\u00ed a soci\u00e1ln\u00ed filozofii (IVR).<\/p>\n<p style=\"text-align: justify;\">M\u00e1te-li jak\u00fdkoli n\u00e1m\u011bt \u010di chcete-li n\u00e1m polo\u017eit dotaz, <a href=\"https:\/\/www.ivrczech.cz\/?page_id=299\">nev\u00e1hejte se na n\u00e1s obr\u00e1tit<\/a>! Zam\u00fd\u0161l\u00edte-li se st\u00e1t na\u0161\u00edm \u010dlenem, za\u0161lete n\u00e1m <a href=\"https:\/\/www.ivrczech.cz\/?page_id=325\">p\u0159ihl\u00e1\u0161ku<\/a>.<\/p>\n<p style=\"text-align: justify;\"><strong>\u00a0<\/strong><\/p>\n<p>[\/vc_column_text][\/vc_column][\/vc_row]<\/p>\n<\/section>","protected":false},"excerpt":{"rendered":"<p>[vc_row][vc_column][vc_empty_space][vc_separator][vc_empty_space][vc_column_text] Mil\u00e9 kolegyn\u011b, mil\u00ed kolegov\u00e9, V\u00e1\u017een\u00ed n\u00e1v\u0161t\u011bvn\u00edci, v\u00edt\u00e1me V\u00e1s na str\u00e1nk\u00e1ch \u010cesk\u00e9ho sdru\u017een\u00ed pro pr\u00e1vn\u00ed a soci\u00e1ln\u00ed filozofii, z. s., na kter\u00fdch naleznete aktu\u00e1ln\u00ed informace o \u010dinnosti na\u0161eho spolku. P\u0159ipravujeme [&hellip;]<\/p>\n","protected":false},"author":1,"featured_media":0,"parent":0,"menu_order":0,"comment_status":"closed","ping_status":"closed","template":"","meta":{"_bbp_topic_count":0,"_bbp_reply_count":0,"_bbp_total_topic_count":0,"_bbp_total_reply_count":0,"_bbp_voice_count":0,"_bbp_anonymous_reply_count":0,"_bbp_topic_count_hidden":0,"_bbp_reply_count_hidden":0,"_bbp_forum_subforum_count":0,"footnotes":""},"class_list":["post-5","page","type-page","status-publish","hentry"],"_links":{"self":[{"href":"https:\/\/www.ivrczech.cz\/index.php?rest_route=\/wp\/v2\/pages\/5","targetHints":{"allow":["GET"]}}],"collection":[{"href":"https:\/\/www.ivrczech.cz\/index.php?rest_route=\/wp\/v2\/pages"}],"about":[{"href":"https:\/\/www.ivrczech.cz\/index.php?rest_route=\/wp\/v2\/types\/page"}],"author":[{"embeddable":true,"href":"https:\/\/www.ivrczech.cz\/index.php?rest_route=\/wp\/v2\/users\/1"}],"replies":[{"embeddable":true,"href":"https:\/\/www.ivrczech.cz\/index.php?rest_route=%2Fwp%2Fv2%2Fcomments&post=5"}],"version-history":[{"count":10,"href":"https:\/\/www.ivrczech.cz\/index.php?rest_route=\/wp\/v2\/pages\/5\/revisions"}],"predecessor-version":[{"id":106741,"href":"https:\/\/www.ivrczech.cz\/index.php?rest_route=\/wp\/v2\/pages\/5\/revisions\/106741"}],"wp:attachment":[{"href":"https:\/\/www.ivrczech.cz\/index.php?rest_route=%2Fwp%2Fv2%2Fmedia&parent=5"}],"curies":[{"name":"wp","href":"https:\/\/api.w.org\/{rel}","templated":true}]}}